{"id":241,"date":"2018-01-20T17:28:42","date_gmt":"2018-01-20T17:28:42","guid":{"rendered":"https:\/\/economy-premium.com\/?page_id=241"},"modified":"2019-12-04T16:06:01","modified_gmt":"2019-12-04T16:06:01","slug":"iberia","status":"publish","type":"page","link":"https:\/\/economy-premium.com\/de\/airlines\/iberia\/","title":{"rendered":"Premium Economy Iberia &#8211; die Vorteile im \u00dcberblick"},"content":{"rendered":"\r\n<div style=\"position: relative; height: 0; padding-bottom: 56.25%;\">\r\n<figure><iframe loading=\"lazy\" style=\"position: absolute; width: 100%; height: 100%; left: 0;\" src=\"https:\/\/www.youtube-nocookie.com\/embed\/_KpGtY6de3A?rel=0&amp;showinfo=0?ecver=2\" width=\"640\" height=\"360\" frameborder=\"0\" allowfullscreen=\"allowfullscreen\"><\/iframe><\/figure>\r\n<\/div>\r\n\r\n\r\n\r\n<p class=\"has-small-font-size\">In diesem Video zeigt Ihnen der <a href=\"https:\/\/www.youtube.com\/channel\/UC2xc00EwGySeCcIXbudhziw\" target=\"_blank\" rel=\"nofollow noopener noreferrer\">Iberia-Youtube-Kanal<\/a> wie die neue Premium Economy Iberia Class aussieht. Erfahren Sie all das was Sie ben\u00f6tigen, um Ihre Reise komfortabel zu gestalten und zu einem Erlebnis zu machen.<\/p>\r\n\r\n\r\n<div id=\"ez-toc-container\" class=\"ez-toc-v2_0_37 counter-hierarchy ez-toc-counter ez-toc-grey ez-toc-container-direction\">\n<div class=\"ez-toc-title-container\">\n<p class=\"ez-toc-title\">Inhaltsverzeichnis<\/p>\n<span class=\"ez-toc-title-toggle\"><\/span><\/div>\n<nav><ul class='ez-toc-list ez-toc-list-level-1' ><li class='ez-toc-page-1 ez-toc-heading-level-2'><a class=\"ez-toc-link ez-toc-heading-1\" href=\"https:\/\/economy-premium.com\/de\/airlines\/iberia\/#6_nuetzliche_Vorteile_der_Premium_Economy_Iberia\" title=\"6 n\u00fctzliche\u00a0Vorteile der Premium Economy Iberia\">6 n\u00fctzliche\u00a0Vorteile der Premium Economy Iberia<\/a><ul class='ez-toc-list-level-3'><li class='ez-toc-heading-level-3'><a class=\"ez-toc-link ez-toc-heading-2\" href=\"https:\/\/economy-premium.com\/de\/airlines\/iberia\/#Vorteil_1_Mehr_Sitzabstand_mit_der_besseren_Iberia_Flugklasse\" title=\"Vorteil 1: Mehr Sitzabstand mit der besseren Iberia Flugklasse\">Vorteil 1: Mehr Sitzabstand mit der besseren Iberia Flugklasse<\/a><\/li><li class='ez-toc-page-1 ez-toc-heading-level-3'><a class=\"ez-toc-link ez-toc-heading-3\" href=\"https:\/\/economy-premium.com\/de\/airlines\/iberia\/#Vorteil_2_Kurzweil_mit_dem_Inflight_Entertainment_System_IFE\" title=\"Vorteil 2: Kurzweil mit dem Inflight Entertainment System (IFE)\">Vorteil 2: Kurzweil mit dem Inflight Entertainment System (IFE)<\/a><\/li><li class='ez-toc-page-1 ez-toc-heading-level-3'><a class=\"ez-toc-link ez-toc-heading-4\" href=\"https:\/\/economy-premium.com\/de\/airlines\/iberia\/#Vorteil_3_Mehr_Gepaeck_inklusive\" title=\"Vorteil 3:\u00a0Mehr Gep\u00e4ck inklusive\">Vorteil 3:\u00a0Mehr Gep\u00e4ck inklusive<\/a><\/li><li class='ez-toc-page-1 ez-toc-heading-level-3'><a class=\"ez-toc-link ez-toc-heading-5\" href=\"https:\/\/economy-premium.com\/de\/airlines\/iberia\/#Vorteil_4_Besonderes_Essen_Trinken_nur_bei_Iberia\" title=\"Vorteil 4:\u00a0Besonderes Essen &amp; Trinken, nur bei Iberia\">Vorteil 4:\u00a0Besonderes Essen &amp; Trinken, nur bei Iberia<\/a><\/li><li class='ez-toc-page-1 ez-toc-heading-level-3'><a class=\"ez-toc-link ez-toc-heading-6\" href=\"https:\/\/economy-premium.com\/de\/airlines\/iberia\/#Vorteil_5_WLAN_international_WiFi_an_Bord\" title=\"Vorteil 5:\u00a0WLAN (international WiFi) an Bord\">Vorteil 5:\u00a0WLAN (international WiFi) an Bord<\/a><\/li><li class='ez-toc-page-1 ez-toc-heading-level-3'><a class=\"ez-toc-link ez-toc-heading-7\" href=\"https:\/\/economy-premium.com\/de\/airlines\/iberia\/#Vorteil_6_Gutes_Netzwerk_mit_Partnerfluggesellschaften\" title=\"Vorteil 6: Gutes Netzwerk mit Partnerfluggesellschaften\">Vorteil 6: Gutes Netzwerk mit Partnerfluggesellschaften<\/a><\/li><\/ul><\/li><li class='ez-toc-page-1 ez-toc-heading-level-2'><a class=\"ez-toc-link ez-toc-heading-8\" href=\"https:\/\/economy-premium.com\/de\/airlines\/iberia\/#Auf_welchem_Flugzeugtyp_wird_die_Premiumklasse_angeboten\" title=\"Auf welchem Flugzeugtyp wird die Premiumklasse angeboten?\">Auf welchem Flugzeugtyp wird die Premiumklasse angeboten?<\/a><\/li><li class='ez-toc-page-1 ez-toc-heading-level-2'><a class=\"ez-toc-link ez-toc-heading-9\" href=\"https:\/\/economy-premium.com\/de\/airlines\/iberia\/#Was_gilt_es_noch_zu_beachten\" title=\"Was gilt es noch zu beachten?\">Was gilt es noch zu beachten?<\/a><ul class='ez-toc-list-level-3'><li class='ez-toc-heading-level-3'><a class=\"ez-toc-link ez-toc-heading-10\" href=\"https:\/\/economy-premium.com\/de\/airlines\/iberia\/#Die_guenstige_Reiseruecktrittsversicherung_fuer_das_Flugticket_-_der_Flugticketschutz\" title=\"Die g\u00fcnstige Reiser\u00fccktrittsversicherung f\u00fcr das Flugticket \u2013 der Flugticketschutz\">Die g\u00fcnstige Reiser\u00fccktrittsversicherung f\u00fcr das Flugticket \u2013 der Flugticketschutz<\/a><\/li><\/ul><\/li><li class='ez-toc-page-1 ez-toc-heading-level-2'><a class=\"ez-toc-link ez-toc-heading-11\" href=\"https:\/\/economy-premium.com\/de\/airlines\/iberia\/#Welche_Konkurrenzfluggesellschaften_finden_sich_im_Preisvergleich\" title=\"Welche Konkurrenzfluggesellschaften finden sich im Preisvergleich?\">Welche Konkurrenzfluggesellschaften finden sich im Preisvergleich?<\/a><\/li><li class='ez-toc-page-1 ez-toc-heading-level-2'><a class=\"ez-toc-link ez-toc-heading-12\" href=\"https:\/\/economy-premium.com\/de\/airlines\/iberia\/#Premium_Economy_Iberia_jetzt_vergleichen\" title=\"Premium Economy Iberia jetzt vergleichen\">Premium Economy Iberia jetzt vergleichen<\/a><\/li><\/ul><\/nav><\/div>\n\n\r\n\r\n\r\n<h2><span class=\"ez-toc-section\" id=\"6_nuetzliche_Vorteile_der_Premium_Economy_Iberia\"><\/span>6 n\u00fctzliche\u00a0Vorteile der Premium Economy Iberia<span class=\"ez-toc-section-end\"><\/span><\/h2>\r\n\r\n\r\n\r\n<p>Unser Flugexperte Thomas Job (Betreiber der Webseite Fluggesellschaft.de) hat sich genauer angeschaut, wo die Vorteile der Premium-Klasse bei Iberia liegen. Zun\u00e4chst stellt der ausgebildete Reiseverkehrskaufmann fest, dass es die Premium Economy bei Iberia nur auf der Langstrecke gibt. Auf den Kurz- und Mittelstreckenfl\u00fcgen unterscheidet die spanische Fluggesellschaft zwischen Economy und Business bzw. Business Club.<\/p>\r\n\r\n\r\n\r\n<p>In der Premium-Variante gibt es viel Beiwerk. Dem Flugprofi\u00a0sind aber 5 Dinge aufgefallen, die Ihre Reise wirklich angenehmer gestalten. Lassen Sie sich von seinen Erfahrungen\u00a0\u00fcberzeugen und vergleichen Sie die Preise &amp; Leistungen bei uns.<\/p>\r\n\r\n\r\n\r\n<h3><span class=\"ez-toc-section\" id=\"Vorteil_1_Mehr_Sitzabstand_mit_der_besseren_Iberia_Flugklasse\"><\/span>Vorteil 1: Mehr Sitzabstand mit der besseren Iberia Flugklasse<span class=\"ez-toc-section-end\"><\/span><\/h3>\r\n\r\n\r\n\r\n<p>Das Besondere, was Sie f\u00fcr Ihren Mehrpreis bekommen, ist der angenehme Flugsitz mit seinen gro\u00dfz\u00fcgigen Ausma\u00dfen. Die moderne Bestuhlung besticht mit <strong>94cm Abstand<\/strong> und somit sehr guten Werten f\u00fcr die <strong>Beinfreiheit<\/strong>. Die Vorteile f\u00fcr Sie liegen nicht nur in der L\u00e4nge, sondern auch in der <strong>Sitzbreite<\/strong>. Mit <strong>48cm<\/strong> steht Ihnen knapp ein halber Meter zur Verf\u00fcgung. <strong>18cm<\/strong> ist der Wert, der sich auf die <strong>Neigung<\/strong> der R\u00fcckenlehne bezieht. Wie bei Konkurrenzfluggesellschaften schon eingef\u00fchrt, verzichtet auch die Iberia nicht auf <strong>verstellbare Kopf- und Fu\u00dfst\u00fctzen<\/strong>. Das bringt f\u00fcr die Flugg\u00e4ste, die unterwegs schlafen wollen, eine ganze Menge an Komfort.<\/p>\r\n\r\n\r\n\r\n<h3><span class=\"ez-toc-section\" id=\"Vorteil_2_Kurzweil_mit_dem_Inflight_Entertainment_System_IFE\"><\/span>Vorteil 2: Kurzweil mit dem Inflight Entertainment System (IFE)<span class=\"ez-toc-section-end\"><\/span><\/h3>\r\n\r\n\r\n\r\n<p>Viele Flugg\u00e4ste k\u00f6nnen es gar nicht erwarten, auf ihrem Flugsitz Platz zu nehmen um m\u00f6glichst schnell das \u00a0IFE ausprobieren zu k\u00f6nnen. Ein individueller Bildschirm mit einer <strong>Diagonale von 12 Zoll<\/strong> sorgt f\u00fcr spannendes Kino-Erlebnis an Bord. F\u00fcr den Stromanschluss steht eine Universalsteckdose nach EU, US und GB-System zur Verf\u00fcgung. Alternativ geht auch ein USB-Stecker f\u00fcr Ger\u00e4te, die damit kompatibel sind.<\/p>\r\n\r\n\r\n\r\n<p>Die Besonderheit bei Iberia ist, dass R\u00fccksicht auf die katalanische Sprache genommen wird und die Filme \u00a0neben englisch sowie\u00a0manchmal deutsch auch in <strong>kastilianischem spanisch<\/strong> und <strong>ibero-spanisch<\/strong> \u00fcbersetzt oder untertitelt sind.<\/p>\r\n\r\n\r\n\r\n<h3><span class=\"ez-toc-section\" id=\"Vorteil_3_Mehr_Gepaeck_inklusive\"><\/span>Vorteil 3:\u00a0Mehr Gep\u00e4ck inklusive<span class=\"ez-toc-section-end\"><\/span><\/h3>\r\n\r\n\r\n\r\n<p>In der Premium Economy der Iberia d\u00fcrfen Sie 2 Gep\u00e4ckst\u00fccke, die im Laderaum transportiert werden,\u00a0kostenlos aufgeben.<\/p>\r\n\r\n\r\n\r\n<h3><span class=\"ez-toc-section\" id=\"Vorteil_4_Besonderes_Essen_Trinken_nur_bei_Iberia\"><\/span>Vorteil 4:\u00a0Besonderes Essen &amp; Trinken, nur bei Iberia<span class=\"ez-toc-section-end\"><\/span><\/h3>\r\n\r\n\r\n\r\n<p>Spanien nimmt in Europa eine herausragende Rolle bei den kulinarischen Gen\u00fcssen ein. V\u00f6llig klar, dass sich das an Bord der Iberia-Langstreckenfl\u00fcge wiederfindet. Sie d\u00fcrfen typisch spanische Gerichte mit frischen Zutaten erwarten. Noch entscheidender wird Ihr Gaumen bei den Getr\u00e4nken gekitzelt. W\u00e4hlen Sie zwischen dem einzigartigen Cava aus Katalonien oder weltber\u00fchmten Rioja Weinen.<\/p>\r\n\r\n\r\n\r\n<h3><span class=\"ez-toc-section\" id=\"Vorteil_5_WLAN_international_WiFi_an_Bord\"><\/span>Vorteil 5:\u00a0WLAN (international WiFi) an Bord<span class=\"ez-toc-section-end\"><\/span><\/h3>\r\n\r\n\r\n\r\n<p>Das WLAN bei Iberia ist allerdings nicht <strong>kostenlos<\/strong>. Heutzutage muss man sich schon damit zufrieden geben, dass es \u00fcberhaupt angeboten wird. Besonders die Internetverbindung auf Langstreckenfl\u00fcgen \u00fcber den Atlantik nach S\u00fcdamerika sind eine Service-Plus. Das Limit ist bei <strong>80MB<\/strong> und einer Zeit von <strong>1 Stunde<\/strong> f\u00fcr einen Preis von <strong>8,99 Euro<\/strong>. M\u00f6chte man l\u00e4nger surfen oder mehr Datenvolumen abrufen, so staffelt sich das in die Stufe 24.99 Euro oder maximal 29,99 Euro f\u00fcr den gesamten Flug. Sprachanwendungen wie Skype, Facetime oder WhatsApp Gespr\u00e4che sind damit nicht erlaubt. Diese Service eignet sich also nicht f\u00fcr das Streamen von Filmen, aber immerhin f\u00fcr eine schnelle und zeitnahe Email-Bearbeitung.<\/p>\r\n\r\n\r\n\r\n<p>Der<strong> GSM Service<\/strong> funktioniert nicht im A330, sondern nur im Airbus A340-600. Voraussetzung ist dass auf Ihrem Mobiltelefon\u00a0der Roaming-Service aktiviert ist und der Netzbetreiber des Nutzers ein Roaming Abkommen mit OnAir hat. Das funktioniert innerhalb Europas und in Brasilien. <a href=\"https:\/\/youtu.be\/ynHrxOm-j-I\" target=\"_blank\" rel=\"nofollow noopener noreferrer\">Weitere Infos dazu findest Du hier im YouTube Kanal von Iberia<\/a>.<\/p>\r\n\r\n\r\n\r\n<h3><span class=\"ez-toc-section\" id=\"Vorteil_6_Gutes_Netzwerk_mit_Partnerfluggesellschaften\"><\/span>Vorteil 6: Gutes Netzwerk mit Partnerfluggesellschaften<span class=\"ez-toc-section-end\"><\/span><\/h3>\r\n\r\n\r\n\r\n<p>Die spanische Fluggesellschaft ist in der Luftfahrt-Allianz Oneworld organisiert. Die wichtigsten Partnerairlines in Europa sind <strong>British Airways<\/strong> und <strong>Finnair<\/strong>. Air Berlin ist zwar auch in diesem B\u00fcndnis vertreten, hat aber nicht so viele Flugplanabstimmungen mit Iberia bisher durchgef\u00fchrt.\u00a0Auf den internationalen Routen ist in Nordamerika die <strong>American Airlines<\/strong> eine wichtige Partnerfluggesellschaft sowie in Mittel- und S\u00fcdamerika die <strong>LATAM<\/strong>. Sammeln Sie auf den Fl\u00fcgen dieser Airlines Meilen, die bei <strong>Iberia Avios<\/strong> genannt werden.<\/p>\r\n\r\n\r\n\r\n<div class=\"wp-block-image\">\r\n<figure class=\"aligncenter\"><img loading=\"lazy\" decoding=\"async\" width=\"1024\" height=\"314\" class=\"wp-image-264\" src=\"https:\/\/economy-premium.com\/wp-content\/uploads\/2018\/01\/iberia-flugzeug-premium-economy-1024x314.jpg\" alt=\"\" srcset=\"https:\/\/economy-premium.com\/wp-content\/uploads\/2018\/01\/iberia-flugzeug-premium-economy-1024x314.jpg 1024w, https:\/\/economy-premium.com\/wp-content\/uploads\/2018\/01\/iberia-flugzeug-premium-economy-300x92.jpg 300w, https:\/\/economy-premium.com\/wp-content\/uploads\/2018\/01\/iberia-flugzeug-premium-economy-768x236.jpg 768w, https:\/\/economy-premium.com\/wp-content\/uploads\/2018\/01\/iberia-flugzeug-premium-economy.jpg 1140w\" sizes=\"auto, (max-width: 1024px) 100vw, 1024px\" \/><\/figure>\r\n<\/div>\r\n\r\n\r\n\r\n<figure><\/figure>\r\n<h2><span class=\"ez-toc-section\" id=\"Auf_welchem_Flugzeugtyp_wird_die_Premiumklasse_angeboten\"><\/span>Auf welchem Flugzeugtyp wird die Premiumklasse angeboten?<span class=\"ez-toc-section-end\"><\/span><\/h2>\r\n\r\n\r\n\r\n<p>Bei Iberia wird auf der Langstrecke nach Mittel- und S\u00fcdamerika haupts\u00e4chlich der vierstrahlige Airbus A340-600 oder der zweistrahlige Airbus A330-200 bzw. A330-300 eingesetzt.<\/p>\r\n\r\n\r\n\r\n<h2><span class=\"ez-toc-section\" id=\"Was_gilt_es_noch_zu_beachten\"><\/span>Was gilt es noch zu beachten?<span class=\"ez-toc-section-end\"><\/span><\/h2>\r\n\r\n\r\n\r\n<p>Neben dem Flug sollte man sich noch um weitere Dinge k\u00fcmmern. Dazu z\u00e4hle ich in erster Linie Einreisebestimmungen, ggfls. Visum, Gep\u00e4ck und Sitzplatz und danach kommen Anreise zum Flughafen, Parken \/ Hotel dort, Transfers am Urlaubsort und Reiseversicherungen. Dazu habe ich folgenden Hinweis f\u00fcr Sie:<\/p>\r\n\r\n\r\n\r\n<h3><span class=\"ez-toc-section\" id=\"Die_guenstige_Reiseruecktrittsversicherung_fuer_das_Flugticket_-_der_Flugticketschutz\"><\/span>Die g\u00fcnstige Reiser\u00fccktrittsversicherung f\u00fcr das Flugticket \u2013 der Flugticketschutz<span class=\"ez-toc-section-end\"><\/span><\/h3>\r\n\r\n\r\n\r\n<p style=\"text-align: left;\">Die<strong> HanseMerkur Reiseversicherung<\/strong> bietet f\u00fcr reine Flugreisen einen g\u00fcnstigen und speziellen <strong>Flugticketschutz<\/strong> <strong>inklusive<\/strong> einer Reiser\u00fccktrittsversicherung, Umbuchungsversicherung und Versp\u00e4tungsversicherung an. <br \/>Die <em>Reiser\u00fccktrittsversicherung<\/em> f\u00fcr das Flugticket ersetzt die vertraglich geschuldeten Stornokosten bei Nichtantritt der Reise, wenn diese aus einem versicherten Grund z.B. einem schweren Unfall oder einer unerwartet schweren Erkrankung vor Reisebeginn, storniert werden muss. <br \/>Die <em>Umbuchungs-Versicherung<\/em> erstattet u.a. bei einer Umbuchung bis 42 Tage vor Reiseantritt und ohne das ein versichertes Ereignis zugrunde liegt, bis zu 200 EUR pro Person. Kann der urspr\u00fcnglich gebuchte Anschlussflug nicht erreicht werden, da der Zubringerflug mit mehr als 2 Stunden Versp\u00e4tung eintrifft, \u00fcbernimmt der Versicherer innerhalb der <em>Versp\u00e4tungs-Reiseversicherung<\/em>, die Kosten f\u00fcr die neue Buchung eines Fluges bis maximal 1.500 EUR und ggf. die Kosten f\u00fcr die Hotel\u00fcbernachtung bis maximal 200 EUR. <br \/>Alle detaillierten Informationen zum\u00a0<a href=\"https:\/\/www.workandtravel-versicherung.de\/mehr\/flugticketschutz\/\" target=\"_blank\" rel=\"noopener noreferrer\"><strong>Flugticketschutz<\/strong> finden Sie [klick hier]<\/a>.\u00a0<\/p>\r\n\r\n\r\n\r\n<p>Wer gleich mehrere Reiseleistungen wie Flug, Unterkunft, Camper oder Mietwagen versichern m\u00f6chte, der sollte eine klassische Reiser\u00fccktrittsversicherung w\u00e4hlen. Ein\u00a0<a href=\"https:\/\/rsww.de\/reiseversicherungen\/reiseruecktrittsversicherung\" target=\"_blank\" rel=\"noreferrer noopener\" aria-label=\"Versicherungsvergleich f\u00fcr die Reiser\u00fccktrittsversicherung (opens in a new tab)\">Versicherungsvergleich f\u00fcr die Reiser\u00fccktrittsversicherung<\/a>\u00a0hilft bei der Entscheidung f\u00fcr den passenden Reiseschutz.<\/p>\r\n\r\n\r\n\r\n<h2><span class=\"ez-toc-section\" id=\"Welche_Konkurrenzfluggesellschaften_finden_sich_im_Preisvergleich\"><\/span>Welche Konkurrenzfluggesellschaften finden sich im Preisvergleich?<span class=\"ez-toc-section-end\"><\/span><\/h2>\r\n\r\n\r\n\r\n<p>Wenn man die Preise der Iberia auf der Langstrecke vergleichen m\u00f6chte, dann w\u00e4hlt man als Ziel einen der gr\u00f6\u00dferen Flugh\u00e4fen in S\u00fcdamerika aus. Wie w\u00e4re es mit Buenos Aires? Hier taucht in unserer Preisliste selbstverst\u00e4ndlich die <strong>Lufthansa<\/strong> auf, die preislich nicht im untersten Segment angesiedelt ist. Ein zweiw\u00f6chiger Return-Flug in der Premium-Economy kostet bei der deutschen Fluggesellschaft je nach Termin ab 2.000 Euro. Etwas darunter haben wir die Alitalia gefunden, die einen Stop in Rom mit Flugger\u00e4twechsel veranschlagt. <strong>Air France<\/strong> mit einem Umstieg in Paris fiel uns ebenfalls recht g\u00fcnstig auf und war in einem \u00e4hnlichen Preissegment wie <strong>Alitalia<\/strong> rund um 1.600 Euro. Die <strong>British Airways<\/strong> mit Umsteigen in London siedelt sich oft zwischen diesen Airlines und der Lufthansa an. In einem Test haben wir Preis um die 1.800 Euro gesehen.<\/p>\r\n\r\n\r\n\r\n<h2><span class=\"ez-toc-section\" id=\"Premium_Economy_Iberia_jetzt_vergleichen\"><\/span>Premium Economy Iberia jetzt vergleichen<span class=\"ez-toc-section-end\"><\/span><\/h2>\r\n\r\n\r\n\r\n<p>Jetzt unsere Flugsuche nutzen und Iberia mit Lufthansa, British Airways, KLM, Alitalia, American Airlines, United Airlines oder Air France vergleichen:<\/p>\r\n\r\n\r\n\r\n<div class=\"wp-block-button\"><a class=\"wp-block-button__link has-background has-accent-background-color no-border-radius\" href=\"\/de\/preisvergleich\/\">Jetzt Preise vergleichen<\/a><\/div>\r\n\r\n\r\n\r\n<p class=\"has-small-font-size\">Foto:\u00a0\u00a9 <a href=\"https:\/\/flickr.com\/photos\/97604646@N07\/\" target=\"_blank\" rel=\"nofollow noopener noreferrer\">Ali Cruz Ruiz<\/a>, beautiful background! Iberia A340-642 EC-JFX<\/p>\r\n\r\n\r\n\r\n<p><em><span style=\"color: #999999;\">Diesen Artikel widme ich Ulla Cablitz, die am 23.5.2017 um 5:30h in ihrem Krankenbett in unserem Beisein verstorben ist. In dieser Nacht entstanden auch Teile dieses Artikels. Thomas Job, Fluggesellschaft.de<\/span><\/em><\/p>\r\n","protected":false},"excerpt":{"rendered":"<p>In diesem Video zeigt Ihnen der Iberia-Youtube-Kanal wie die neue Premium Economy Iberia Class aussieht. Erfahren Sie all das was Sie ben\u00f6tigen, um Ihre Reise komfortabel zu gestalten und zu einem Erlebnis zu machen. 6 n\u00fctzliche\u00a0Vorteile der Premium Economy Iberia Unser Flugexperte Thomas Job (Betreiber der Webseite Fluggesellschaft.de) hat sich genauer angeschaut, wo die Vorteile&hellip;<\/p>\n","protected":false},"author":2,"featured_media":0,"parent":216,"menu_order":0,"comment_status":"closed","ping_status":"closed","template":"","meta":{"footnotes":""},"class_list":["post-241","page","type-page","status-publish","hentry","description-off"],"_links":{"self":[{"href":"https:\/\/economy-premium.com\/de\/wp-json\/wp\/v2\/pages\/241\/"}],"collection":[{"href":"https:\/\/economy-premium.com\/de\/wp-json\/wp\/v2\/pages\/"}],"about":[{"href":"https:\/\/economy-premium.com\/de\/wp-json\/wp\/v2\/types\/page\/"}],"author":[{"embeddable":true,"href":"https:\/\/economy-premium.com\/de\/wp-json\/wp\/v2\/users\/2\/"}],"replies":[{"embeddable":true,"href":"https:\/\/economy-premium.com\/de\/wp-json\/wp\/v2\/comments\/?post=241"}],"version-history":[{"count":6,"href":"https:\/\/economy-premium.com\/de\/wp-json\/wp\/v2\/pages\/241\/revisions\/"}],"predecessor-version":[{"id":1241,"href":"https:\/\/economy-premium.com\/de\/wp-json\/wp\/v2\/pages\/241\/revisions\/1241\/"}],"up":[{"embeddable":true,"href":"https:\/\/economy-premium.com\/de\/wp-json\/wp\/v2\/pages\/216\/"}],"wp:attachment":[{"href":"https:\/\/economy-premium.com\/de\/wp-json\/wp\/v2\/media\/?parent=241"}],"curies":[{"name":"wp","href":"https:\/\/api.w.org\/{rel}","templated":true}]}}